{"id":506,"date":"2025-09-02T11:27:45","date_gmt":"2025-09-02T11:27:45","guid":{"rendered":"https:\/\/neu.lehre.bertsch.at\/?page_id=506"},"modified":"2025-09-02T12:31:38","modified_gmt":"2025-09-02T12:31:38","slug":"impressum","status":"publish","type":"page","link":"https:\/\/neu.lehre.bertsch.at\/?page_id=506","title":{"rendered":"Impressum"},"content":{"rendered":"\n<div class=\"wp-block-group alignfull has-background\" style=\"background-color:#f5eac1;padding-top:6vw;padding-right:6vw;padding-bottom:6vw;padding-left:6vw\"><div class=\"wp-block-group__inner-container is-layout-flow wp-block-group-is-layout-flow\">\n<div style=\"height:19px\" aria-hidden=\"true\" class=\"wp-block-spacer\"><\/div>\n\n\n\n<p class=\"has-text-color\" style=\"color:#000000;font-size:17px\"><strong>Bertsch Foodtec GmbH<br><\/strong>Herrengasse 23<br>6700 Bludenz<br>\u00d6sterreich<\/p>\n\n\n\n<p><strong>Gesch\u00e4ftsf\u00fchrer<\/strong><br>Christoph Hueber &amp; Hubert Bertsch jun.<\/p>\n\n\n\n<p>Telefon: +43 5552 61350<br>E-Mail: lehre@bertsch.at<\/p>\n\n\n\n<p>UID-Nr.: ATU66624236<br>Firmenbuch-Nummer: FN 366898g<br>Firmenbuch-Gericht: Feldkirch<\/p>\n<\/div><\/div>\n\n\n\n<div class=\"wp-block-group alignfull has-background\" style=\"background-color:#f2f0e9;padding-top:6vw;padding-right:6vw;padding-bottom:6vw;padding-left:6vw\"><div class=\"wp-block-group__inner-container is-layout-flow wp-block-group-is-layout-flow\">\n<div style=\"height:19px\" aria-hidden=\"true\" class=\"wp-block-spacer\"><\/div>\n\n\n\n<p class=\"has-text-color\" style=\"color:#000000;font-size:17px\"><strong>Inhalt<\/strong><br>Claudia Rohner, Head of Marketing<br>Bertsch Holding GmbH<br>Herrengasse 23<br>6700 Bludenz<br>\u00d6sterreich<\/p>\n\n\n\n<p><strong>Design &amp; Gestaltung<br><\/strong>WordPress<br><br><strong>Hosting<\/strong><br>Datenstrom IT-Dienstleistungen GmbH<br>Stra\u00dfenh\u00e4user 30<br>6842 Koblach<br>\u00d6sterreich<\/p>\n<\/div><\/div>\n\n\n\n<div class=\"wp-block-group alignfull has-nv-light-bg-background-color has-background\" style=\"padding-top:6vw;padding-right:6vw;padding-bottom:6vw;padding-left:6vw\"><div class=\"wp-block-group__inner-container is-layout-flow wp-block-group-is-layout-flow\">\n<div style=\"height:19px\" aria-hidden=\"true\" class=\"wp-block-spacer\"><\/div>\n\n\n\n<p class=\"has-text-color\" style=\"color:#000000;font-size:17px\"><strong>Haftung f\u00fcr Inhalte<\/strong><br>Die Inhalte unserer Seiten wurden mit gr\u00f6\u00dfter Sorgfalt erstellt. F\u00fcr die Richtigkeit, Vollst\u00e4ndigkeit und Aktualit\u00e4t der Inhalte kann die BertschFoodtec GmbH jedoch keine Gew\u00e4hr \u00fcbernehmen. Als Diensteanbieter sind wir f\u00fcr eigene Inhalte auf diesen Seiten nach den allgemeinen Gesetzen verantwortlich. Wir sind jedoch nicht verpflichtet, \u00fcbermittelte oder gespeicherte fremde Informationen zu \u00fcberwachen oder nach Umst\u00e4nden zu forschen, die auf eine rechtswidrige T\u00e4tigkeit hinweisen. Verpflichtungen zur Entfernung oder Sperrung der Nutzung von Informationen nach den allgemeinen Gesetzen bleiben hiervon unber\u00fchrt. Eine diesbez\u00fcgliche Haftung ist jedoch erst ab dem Zeitpunkt der Kenntnis einer konkreten Rechtsverletzung m\u00f6glich. Bei Bekanntwerden von entsprechenden Rechtsverletzungen werden wir diese Inhalte umgehend entfernen.<\/p>\n\n\n\n<p><strong>Haftung f\u00fcr Links<\/strong><br>Unsere Website enth\u00e4lt Links zu externen Webseiten Dritter, auf deren Inhalte wir keinen Einfluss haben. Deshalb kann die Bertsch Foodtec GmbH f\u00fcr diese fremden Inhalte auch keine Gew\u00e4hr \u00fcbernehmen. F\u00fcr die Inhalte der verlinkten Seiten ist stets der jeweilige Anbieter oder Betreiber der Seiten verantwortlich. Die verlinkten Seiten wurden zum Zeitpunkt der Verlinkung auf m\u00f6gliche Rechtsverst\u00f6\u00dfe \u00fcberpr\u00fcft. Rechtswidrige Inhalte waren zum Zeitpunkt der Verlinkung nicht erkennbar. Eine permanente inhaltliche Kontrolle der verlinkten Seiten ist jedoch ohne konkrete Anhaltspunkte einer Rechtsverletzung nicht zumutbar. Bei Bekanntwerden von Rechtsverletzungen werden wir derartige Links umgehend entfernen.<\/p>\n<\/div><\/div>\n\n\n\n<p><\/p>\n","protected":false},"excerpt":{"rendered":"<p>Bertsch Foodtec GmbHHerrengasse 236700 Bludenz\u00d6sterreich Gesch\u00e4ftsf\u00fchrerChristoph Hueber &amp; Hubert Bertsch jun. Telefon: +43 5552 61350E-Mail: lehre@bertsch.at UID-Nr.: ATU66624236Firmenbuch-Nummer: FN 366898gFirmenbuch-Gericht: Feldkirch InhaltClaudia Rohner, Head of MarketingBertsch Holding GmbHHerrengasse 236700 Bludenz\u00d6sterreich Design &amp; GestaltungWordPress HostingDatenstrom IT-Dienstleistungen GmbHStra\u00dfenh\u00e4user 306842 Koblach\u00d6sterreich Haftung f\u00fcr InhalteDie Inhalte unserer Seiten wurden mit gr\u00f6\u00dfter Sorgfalt erstellt. F\u00fcr die Richtigkeit, Vollst\u00e4ndigkeit und Aktualit\u00e4t&hellip;&nbsp;<a href=\"https:\/\/neu.lehre.bertsch.at\/?page_id=506\" rel=\"bookmark\">Weiterlesen &raquo;<span class=\"screen-reader-text\">Impressum<\/span><\/a><\/p>\n","protected":false},"author":1,"featured_media":0,"parent":0,"menu_order":0,"comment_status":"closed","ping_status":"closed","template":"","meta":{"neve_meta_sidebar":"","neve_meta_container":"","neve_meta_enable_content_width":"","neve_meta_content_width":0,"neve_meta_title_alignment":"","neve_meta_author_avatar":"","neve_post_elements_order":"","neve_meta_disable_header":"","neve_meta_disable_footer":"","neve_meta_disable_title":"","footnotes":""},"class_list":["post-506","page","type-page","status-publish","hentry"],"_links":{"self":[{"href":"https:\/\/neu.lehre.bertsch.at\/index.php?rest_route=\/wp\/v2\/pages\/506","targetHints":{"allow":["GET"]}}],"collection":[{"href":"https:\/\/neu.lehre.bertsch.at\/index.php?rest_route=\/wp\/v2\/pages"}],"about":[{"href":"https:\/\/neu.lehre.bertsch.at\/index.php?rest_route=\/wp\/v2\/types\/page"}],"author":[{"embeddable":true,"href":"https:\/\/neu.lehre.bertsch.at\/index.php?rest_route=\/wp\/v2\/users\/1"}],"replies":[{"embeddable":true,"href":"https:\/\/neu.lehre.bertsch.at\/index.php?rest_route=%2Fwp%2Fv2%2Fcomments&post=506"}],"version-history":[{"count":4,"href":"https:\/\/neu.lehre.bertsch.at\/index.php?rest_route=\/wp\/v2\/pages\/506\/revisions"}],"predecessor-version":[{"id":568,"href":"https:\/\/neu.lehre.bertsch.at\/index.php?rest_route=\/wp\/v2\/pages\/506\/revisions\/568"}],"wp:attachment":[{"href":"https:\/\/neu.lehre.bertsch.at\/index.php?rest_route=%2Fwp%2Fv2%2Fmedia&parent=506"}],"curies":[{"name":"wp","href":"https:\/\/api.w.org\/{rel}","templated":true}]}}